{"id":818,"date":"2024-05-22T05:14:50","date_gmt":"2024-05-22T09:14:50","guid":{"rendered":"https:\/\/allezhoponrange.ca\/?page_id=818"},"modified":"2024-10-25T15:38:55","modified_gmt":"2024-10-25T19:38:55","slug":"pour-les-entreprises","status":"publish","type":"page","link":"https:\/\/allezhoponrange.ca\/en\/pour-les-entreprises\/","title":{"rendered":"For businesses"},"content":{"rendered":"<div data-elementor-type=\"wp-page\" data-elementor-id=\"818\" class=\"elementor elementor-818\" data-elementor-post-type=\"page\">\n\t\t\t\t<div class=\"elementor-element elementor-element-0907ab8 elementor-hidden-mobile e-flex e-con-boxed e-con e-parent\" data-id=\"0907ab8\" data-element_type=\"container\" data-e-type=\"container\">\n\t\t\t\t\t<div class=\"e-con-inner\">\n\t\t<div class=\"elementor-element elementor-element-17242c7 e-con-full e-flex e-con e-child\" data-id=\"17242c7\" data-element_type=\"container\" data-e-type=\"container\">\n\t\t\t\t<div class=\"elementor-element elementor-element-e53f20d elementor-widget-divider--view-line_text elementor-widget-divider--element-align-center elementor-widget elementor-widget-divider\" data-id=\"e53f20d\" data-element_type=\"widget\" data-e-type=\"widget\" data-widget_type=\"divider.default\">\n\t\t\t\t<div class=\"elementor-widget-container\">\n\t\t\t\t\t\t\t<div class=\"elementor-divider\">\n\t\t\t<span class=\"elementor-divider-separator\">\n\t\t\t\t\t\t\t<span class=\"elementor-divider__text elementor-divider__element\">\n\t\t\t\tPartenariat avec les agences immobili\u00e8res\t\t\t\t<\/span>\n\t\t\t\t\t\t<\/span>\n\t\t<\/div>\n\t\t\t\t\t\t<\/div>\n\t\t\t\t<\/div>\n\t\t\t\t<div class=\"elementor-element elementor-element-2e1a62e elementor-widget elementor-widget-text-editor\" data-id=\"2e1a62e\" data-element_type=\"widget\" data-e-type=\"widget\" data-widget_type=\"text-editor.default\">\n\t\t\t\t<div class=\"elementor-widget-container\">\n\t\t\t\t\t\t\t\t\t<p>\u00cates-vous un agent immobilier, un courtier immobilier ou m\u00eame un gestionnaire immobilier ? Nous pouvons travailler ensemble et vous aider \u00e0 vendre ou louer la propri\u00e9t\u00e9 que vous avez sur votre liste. Nous pr\u00e9parons la maison de votre client \u00e0 la vente en la d\u00e9sencombrant et en am\u00e9liorant son attrait pour les acheteurs potentiels. Une maison sans encombrement, bien d\u00e9cor\u00e9e, a tendance \u00e0 se vendre plus rapidement<\/p>\t\t\t\t\t\t\t\t<\/div>\n\t\t\t\t<\/div>\n\t\t\t\t<div class=\"elementor-element elementor-element-2872431 elementor-align-left animated-slow elementor-invisible elementor-widget elementor-widget-button\" data-id=\"2872431\" data-element_type=\"widget\" data-e-type=\"widget\" data-settings=\"{&quot;_animation&quot;:&quot;fadeIn&quot;,&quot;_animation_delay&quot;:500}\" data-widget_type=\"button.default\">\n\t\t\t\t<div class=\"elementor-widget-container\">\n\t\t\t\t\t\t\t\t\t<div class=\"elementor-button-wrapper\">\n\t\t\t\t\t<a class=\"elementor-button elementor-button-link elementor-size-sm\" href=\"https:\/\/allezhoponrange.ca\/en\/booknow-allezhoponrange\/\">\n\t\t\t\t\t\t<span class=\"elementor-button-content-wrapper\">\n\t\t\t\t\t\t<span class=\"elementor-button-icon\">\n\t\t\t\t<svg aria-hidden=\"true\" class=\"e-font-icon-svg e-fas-book\" viewbox=\"0 0 448 512\" xmlns=\"http:\/\/www.w3.org\/2000\/svg\"><path d=\"M448 360V24c0-13.3-10.7-24-24-24H96C43 0 0 43 0 96v320c0 53 43 96 96 96h328c13.3 0 24-10.7 24-24v-16c0-7.5-3.5-14.3-8.9-18.7-4.2-15.4-4.2-59.3 0-74.7 5.4-4.3 8.9-11.1 8.9-18.6zM128 134c0-3.3 2.7-6 6-6h212c3.3 0 6 2.7 6 6v20c0 3.3-2.7 6-6 6H134c-3.3 0-6-2.7-6-6v-20zm0 64c0-3.3 2.7-6 6-6h212c3.3 0 6 2.7 6 6v20c0 3.3-2.7 6-6 6H134c-3.3 0-6-2.7-6-6v-20zm253.4 250H96c-17.7 0-32-14.3-32-32 0-17.6 14.4-32 32-32h285.4c-1.9 17.1-1.9 46.9 0 64z\"><\/path><\/svg>\t\t\t<\/span>\n\t\t\t\t\t\t\t\t\t<span class=\"elementor-button-text\">BookNow<\/span>\n\t\t\t\t\t<\/span>\n\t\t\t\t\t<\/a>\n\t\t\t\t<\/div>\n\t\t\t\t\t\t\t\t<\/div>\n\t\t\t\t<\/div>\n\t\t\t\t<\/div>\n\t\t<div class=\"elementor-element elementor-element-1410fe1 e-con-full e-flex elementor-invisible e-con e-child\" data-id=\"1410fe1\" data-element_type=\"container\" data-e-type=\"container\" data-settings=\"{&quot;animation&quot;:&quot;fadeIn&quot;}\">\n\t\t\t\t<div class=\"elementor-element elementor-element-730048d elementor-widget elementor-widget-image\" data-id=\"730048d\" data-element_type=\"widget\" data-e-type=\"widget\" data-widget_type=\"image.default\">\n\t\t\t\t<div class=\"elementor-widget-container\">\n\t\t\t\t\t\t\t\t\t\t\t\t\t\t\t<img fetchpriority=\"high\" decoding=\"async\" width=\"1000\" height=\"722\" src=\"https:\/\/allezhoponrange.ca\/wp-content\/uploads\/2024\/05\/20488.jpg\" class=\"attachment-large size-large wp-image-848\" alt=\"\" srcset=\"https:\/\/allezhoponrange.ca\/wp-content\/uploads\/2024\/05\/20488.jpg 1000w, https:\/\/allezhoponrange.ca\/wp-content\/uploads\/2024\/05\/20488-300x217.jpg 300w, https:\/\/allezhoponrange.ca\/wp-content\/uploads\/2024\/05\/20488-768x554.jpg 768w, https:\/\/allezhoponrange.ca\/wp-content\/uploads\/2024\/05\/20488-705x509.jpg 705w\" sizes=\"(max-width: 1000px) 100vw, 1000px\" \/>\t\t\t\t\t\t\t\t\t\t\t\t\t\t\t<\/div>\n\t\t\t\t<\/div>\n\t\t\t\t<\/div>\n\t\t\t\t\t<\/div>\n\t\t\t\t<\/div>\n\t\t<div class=\"elementor-element elementor-element-5689191 elementor-hidden-desktop elementor-hidden-tablet e-flex e-con-boxed e-con e-parent\" data-id=\"5689191\" data-element_type=\"container\" data-e-type=\"container\">\n\t\t\t\t\t<div class=\"e-con-inner\">\n\t\t<div class=\"elementor-element elementor-element-fb63010 e-con-full e-flex elementor-invisible e-con e-child\" data-id=\"fb63010\" data-element_type=\"container\" data-e-type=\"container\" data-settings=\"{&quot;animation&quot;:&quot;fadeIn&quot;}\">\n\t\t\t\t<div class=\"elementor-element elementor-element-ca0fd54 elementor-widget elementor-widget-image\" data-id=\"ca0fd54\" data-element_type=\"widget\" data-e-type=\"widget\" data-widget_type=\"image.default\">\n\t\t\t\t<div class=\"elementor-widget-container\">\n\t\t\t\t\t\t\t\t\t\t\t\t\t\t\t<img fetchpriority=\"high\" decoding=\"async\" width=\"1000\" height=\"722\" src=\"https:\/\/allezhoponrange.ca\/wp-content\/uploads\/2024\/05\/20488.jpg\" class=\"attachment-large size-large wp-image-848\" alt=\"\" srcset=\"https:\/\/allezhoponrange.ca\/wp-content\/uploads\/2024\/05\/20488.jpg 1000w, https:\/\/allezhoponrange.ca\/wp-content\/uploads\/2024\/05\/20488-300x217.jpg 300w, https:\/\/allezhoponrange.ca\/wp-content\/uploads\/2024\/05\/20488-768x554.jpg 768w, https:\/\/allezhoponrange.ca\/wp-content\/uploads\/2024\/05\/20488-705x509.jpg 705w\" sizes=\"(max-width: 1000px) 100vw, 1000px\" \/>\t\t\t\t\t\t\t\t\t\t\t\t\t\t\t<\/div>\n\t\t\t\t<\/div>\n\t\t\t\t<\/div>\n\t\t<div class=\"elementor-element elementor-element-dc6cc0e e-con-full e-flex e-con e-child\" data-id=\"dc6cc0e\" data-element_type=\"container\" data-e-type=\"container\">\n\t\t\t\t<div class=\"elementor-element elementor-element-4313d76 elementor-widget-divider--view-line_text elementor-widget-divider--element-align-center elementor-widget elementor-widget-divider\" data-id=\"4313d76\" data-element_type=\"widget\" data-e-type=\"widget\" data-widget_type=\"divider.default\">\n\t\t\t\t<div class=\"elementor-widget-container\">\n\t\t\t\t\t\t\t<div class=\"elementor-divider\">\n\t\t\t<span class=\"elementor-divider-separator\">\n\t\t\t\t\t\t\t<span class=\"elementor-divider__text elementor-divider__element\">\n\t\t\t\tPartenariat avec les agences immobili\u00e8res\t\t\t\t<\/span>\n\t\t\t\t\t\t<\/span>\n\t\t<\/div>\n\t\t\t\t\t\t<\/div>\n\t\t\t\t<\/div>\n\t\t\t\t<div class=\"elementor-element elementor-element-9339f14 elementor-widget elementor-widget-text-editor\" data-id=\"9339f14\" data-element_type=\"widget\" data-e-type=\"widget\" data-widget_type=\"text-editor.default\">\n\t\t\t\t<div class=\"elementor-widget-container\">\n\t\t\t\t\t\t\t\t\t<p>\u00cates-vous un agent immobilier, un courtier immobilier ou m\u00eame un gestionnaire immobilier ? Nous pouvons travailler ensemble et vous aider \u00e0 vendre ou louer la propri\u00e9t\u00e9 que vous avez sur votre liste. Nous pr\u00e9parons la maison de votre client \u00e0 la vente en la d\u00e9sencombrant et en am\u00e9liorant son attrait pour les acheteurs potentiels. Une maison sans encombrement, bien d\u00e9cor\u00e9e, a tendance \u00e0 se vendre plus rapidement<\/p>\t\t\t\t\t\t\t\t<\/div>\n\t\t\t\t<\/div>\n\t\t\t\t<div class=\"elementor-element elementor-element-dc4bfcd elementor-align-center animated-slow elementor-invisible elementor-widget elementor-widget-button\" data-id=\"dc4bfcd\" data-element_type=\"widget\" data-e-type=\"widget\" data-settings=\"{&quot;_animation&quot;:&quot;bounceIn&quot;,&quot;_animation_delay&quot;:500}\" data-widget_type=\"button.default\">\n\t\t\t\t<div class=\"elementor-widget-container\">\n\t\t\t\t\t\t\t\t\t<div class=\"elementor-button-wrapper\">\n\t\t\t\t\t<a class=\"elementor-button elementor-button-link elementor-size-sm\" href=\"https:\/\/allezhoponrange.ca\/en\/booknow-allezhoponrange\/\">\n\t\t\t\t\t\t<span class=\"elementor-button-content-wrapper\">\n\t\t\t\t\t\t<span class=\"elementor-button-icon\">\n\t\t\t\t<svg aria-hidden=\"true\" class=\"e-font-icon-svg e-fas-book\" viewbox=\"0 0 448 512\" xmlns=\"http:\/\/www.w3.org\/2000\/svg\"><path d=\"M448 360V24c0-13.3-10.7-24-24-24H96C43 0 0 43 0 96v320c0 53 43 96 96 96h328c13.3 0 24-10.7 24-24v-16c0-7.5-3.5-14.3-8.9-18.7-4.2-15.4-4.2-59.3 0-74.7 5.4-4.3 8.9-11.1 8.9-18.6zM128 134c0-3.3 2.7-6 6-6h212c3.3 0 6 2.7 6 6v20c0 3.3-2.7 6-6 6H134c-3.3 0-6-2.7-6-6v-20zm0 64c0-3.3 2.7-6 6-6h212c3.3 0 6 2.7 6 6v20c0 3.3-2.7 6-6 6H134c-3.3 0-6-2.7-6-6v-20zm253.4 250H96c-17.7 0-32-14.3-32-32 0-17.6 14.4-32 32-32h285.4c-1.9 17.1-1.9 46.9 0 64z\"><\/path><\/svg>\t\t\t<\/span>\n\t\t\t\t\t\t\t\t\t<span class=\"elementor-button-text\">BookNow<\/span>\n\t\t\t\t\t<\/span>\n\t\t\t\t\t<\/a>\n\t\t\t\t<\/div>\n\t\t\t\t\t\t\t\t<\/div>\n\t\t\t\t<\/div>\n\t\t\t\t<\/div>\n\t\t\t\t\t<\/div>\n\t\t\t\t<\/div>\n\t\t<div class=\"elementor-element elementor-element-ea77051 e-flex e-con-boxed e-con e-parent\" data-id=\"ea77051\" data-element_type=\"container\" data-e-type=\"container\">\n\t\t\t\t\t<div class=\"e-con-inner\">\n\t\t\t\t<div class=\"elementor-element elementor-element-881a3c4 elementor-widget-divider--view-line_text elementor-widget-divider--element-align-center elementor-widget elementor-widget-divider\" data-id=\"881a3c4\" data-element_type=\"widget\" data-e-type=\"widget\" data-widget_type=\"divider.default\">\n\t\t\t\t<div class=\"elementor-widget-container\">\n\t\t\t\t\t\t\t<div class=\"elementor-divider\">\n\t\t\t<span class=\"elementor-divider-separator\">\n\t\t\t\t\t\t\t<span class=\"elementor-divider__text elementor-divider__element\">\n\t\t\t\tThe process\t\t\t\t<\/span>\n\t\t\t\t\t\t<\/span>\n\t\t<\/div>\n\t\t\t\t\t\t<\/div>\n\t\t\t\t<\/div>\n\t\t\t\t\t<\/div>\n\t\t\t\t<\/div>\n\t\t<div class=\"elementor-element elementor-element-830aa6e e-flex e-con-boxed e-con e-parent\" data-id=\"830aa6e\" data-element_type=\"container\" data-e-type=\"container\">\n\t\t\t\t\t<div class=\"e-con-inner\">\n\t\t<div class=\"elementor-element elementor-element-5ae7b6e e-con-full e-flex elementor-invisible e-con e-child\" data-id=\"5ae7b6e\" data-element_type=\"container\" data-e-type=\"container\" data-settings=\"{&quot;animation&quot;:&quot;fadeIn&quot;}\">\n\t\t\t\t<div class=\"elementor-element elementor-element-9238df7 elementor-widget elementor-widget-image\" data-id=\"9238df7\" data-element_type=\"widget\" data-e-type=\"widget\" data-widget_type=\"image.default\">\n\t\t\t\t<div class=\"elementor-widget-container\">\n\t\t\t\t\t\t\t\t\t\t\t\t\t\t\t<img decoding=\"async\" width=\"1000\" height=\"667\" src=\"https:\/\/allezhoponrange.ca\/wp-content\/uploads\/2024\/05\/1220.jpg\" class=\"attachment-large size-large wp-image-847\" alt=\"\" srcset=\"https:\/\/allezhoponrange.ca\/wp-content\/uploads\/2024\/05\/1220.jpg 1000w, https:\/\/allezhoponrange.ca\/wp-content\/uploads\/2024\/05\/1220-300x200.jpg 300w, https:\/\/allezhoponrange.ca\/wp-content\/uploads\/2024\/05\/1220-768x512.jpg 768w, https:\/\/allezhoponrange.ca\/wp-content\/uploads\/2024\/05\/1220-705x470.jpg 705w\" sizes=\"(max-width: 1000px) 100vw, 1000px\" \/>\t\t\t\t\t\t\t\t\t\t\t\t\t\t\t<\/div>\n\t\t\t\t<\/div>\n\t\t\t\t<\/div>\n\t\t<div class=\"elementor-element elementor-element-9a1d908 e-con-full e-flex e-con e-child\" data-id=\"9a1d908\" data-element_type=\"container\" data-e-type=\"container\">\n\t\t\t\t<div class=\"elementor-element elementor-element-144b5c3 elementor-widget elementor-widget-text-editor\" data-id=\"144b5c3\" data-element_type=\"widget\" data-e-type=\"widget\" data-widget_type=\"text-editor.default\">\n\t\t\t\t<div class=\"elementor-widget-container\">\n\t\t\t\t\t\t\t\t\t<p>1. Remplissez notre BookNow en bas de cette page<br \/>2. Nous vous contacterons pour discuter du projet et \u00e9valuer le nombre d\u2019heures approximatif n\u00e9cessaire pour le r\u00e9aliser<br \/>3. Nous s\u00e9lectionnons un moment qui convient \u00e0 tous les deux pour une visite sur place afin de discuter en d\u00e9tail du travail que vous souhaitez r\u00e9aliser et de mesurer les espaces, et d\u2019acheter des contenants et des mat\u00e9riaux d\u2019organisation si n\u00e9cessaire.<br \/>4. La derni\u00e8re \u00e9tape est de fixer un moment pour commencer<\/p>\t\t\t\t\t\t\t\t<\/div>\n\t\t\t\t<\/div>\n\t\t\t\t<div class=\"elementor-element elementor-element-cf02d4e elementor-widget elementor-widget-text-editor\" data-id=\"cf02d4e\" data-element_type=\"widget\" data-e-type=\"widget\" data-widget_type=\"text-editor.default\">\n\t\t\t\t<div class=\"elementor-widget-container\">\n\t\t\t\t\t\t\t\t\tEnsemble, nous cr\u00e9erons un espace de vie et de travail confortable et efficace, adapt\u00e9 uniquement pour vous. Nous adoptons une approche respectueuse de l\u2019environnement pour l\u2019organisation et essayons de r\u00e9utiliser vos fournitures avant d\u2019en acheter de nouvelles, en sugg\u00e9rant des mat\u00e9riaux naturels et \u00e9cologiques. Nous proposons un service ponctuel, ou des visites saisonni\u00e8res, trimestrielles ou annuelles en fonction de vos besoins. Nous sommes ravis de planifier des rendez-vous en soir\u00e9e et le week-end pour convenir \u00e0 votre disponibilit\u00e9. Nous sommes ravis de vous assister en anglais et en fran\u00e7ais.\t\t\t\t\t\t\t\t<\/div>\n\t\t\t\t<\/div>\n\t\t\t\t<div class=\"elementor-element elementor-element-3a9d425 elementor-align-left animated-slow elementor-invisible elementor-widget elementor-widget-button\" data-id=\"3a9d425\" data-element_type=\"widget\" data-e-type=\"widget\" data-settings=\"{&quot;_animation&quot;:&quot;fadeIn&quot;,&quot;_animation_delay&quot;:500}\" data-widget_type=\"button.default\">\n\t\t\t\t<div class=\"elementor-widget-container\">\n\t\t\t\t\t\t\t\t\t<div class=\"elementor-button-wrapper\">\n\t\t\t\t\t<a class=\"elementor-button elementor-button-link elementor-size-sm\" href=\"https:\/\/allezhoponrange.ca\/en\/booknow-allezhoponrange\/\">\n\t\t\t\t\t\t<span class=\"elementor-button-content-wrapper\">\n\t\t\t\t\t\t<span class=\"elementor-button-icon\">\n\t\t\t\t<svg aria-hidden=\"true\" class=\"e-font-icon-svg e-fas-book\" viewbox=\"0 0 448 512\" xmlns=\"http:\/\/www.w3.org\/2000\/svg\"><path d=\"M448 360V24c0-13.3-10.7-24-24-24H96C43 0 0 43 0 96v320c0 53 43 96 96 96h328c13.3 0 24-10.7 24-24v-16c0-7.5-3.5-14.3-8.9-18.7-4.2-15.4-4.2-59.3 0-74.7 5.4-4.3 8.9-11.1 8.9-18.6zM128 134c0-3.3 2.7-6 6-6h212c3.3 0 6 2.7 6 6v20c0 3.3-2.7 6-6 6H134c-3.3 0-6-2.7-6-6v-20zm0 64c0-3.3 2.7-6 6-6h212c3.3 0 6 2.7 6 6v20c0 3.3-2.7 6-6 6H134c-3.3 0-6-2.7-6-6v-20zm253.4 250H96c-17.7 0-32-14.3-32-32 0-17.6 14.4-32 32-32h285.4c-1.9 17.1-1.9 46.9 0 64z\"><\/path><\/svg>\t\t\t<\/span>\n\t\t\t\t\t\t\t\t\t<span class=\"elementor-button-text\">BookNow<\/span>\n\t\t\t\t\t<\/span>\n\t\t\t\t\t<\/a>\n\t\t\t\t<\/div>\n\t\t\t\t\t\t\t\t<\/div>\n\t\t\t\t<\/div>\n\t\t\t\t<\/div>\n\t\t\t\t\t<\/div>\n\t\t\t\t<\/div>\n\t\t\t\t<\/div>","protected":false},"excerpt":{"rendered":"<p>Partenariat avec les agences immobili\u00e8res \u00cates-vous un agent immobilier, un courtier immobilier ou m\u00eame un gestionnaire immobilier ? Nous pouvons travailler ensemble et vous aider \u00e0 vendre ou louer la propri\u00e9t\u00e9 que vous avez sur votre liste. Nous pr\u00e9parons la maison de votre client \u00e0 la vente en la d\u00e9sencombrant et en am\u00e9liorant son attrait [&hellip;]<\/p>","protected":false},"author":1,"featured_media":0,"parent":0,"menu_order":0,"comment_status":"closed","ping_status":"closed","template":"","meta":{"footnotes":""},"class_list":["post-818","page","type-page","status-publish","hentry"],"_links":{"self":[{"href":"https:\/\/allezhoponrange.ca\/en\/wp-json\/wp\/v2\/pages\/818","targetHints":{"allow":["GET"]}}],"collection":[{"href":"https:\/\/allezhoponrange.ca\/en\/wp-json\/wp\/v2\/pages"}],"about":[{"href":"https:\/\/allezhoponrange.ca\/en\/wp-json\/wp\/v2\/types\/page"}],"author":[{"embeddable":true,"href":"https:\/\/allezhoponrange.ca\/en\/wp-json\/wp\/v2\/users\/1"}],"replies":[{"embeddable":true,"href":"https:\/\/allezhoponrange.ca\/en\/wp-json\/wp\/v2\/comments?post=818"}],"version-history":[{"count":27,"href":"https:\/\/allezhoponrange.ca\/en\/wp-json\/wp\/v2\/pages\/818\/revisions"}],"predecessor-version":[{"id":895,"href":"https:\/\/allezhoponrange.ca\/en\/wp-json\/wp\/v2\/pages\/818\/revisions\/895"}],"wp:attachment":[{"href":"https:\/\/allezhoponrange.ca\/en\/wp-json\/wp\/v2\/media?parent=818"}],"curies":[{"name":"wp","href":"https:\/\/api.w.org\/{rel}","templated":true}]}}