{"id":810,"date":"2024-05-22T04:56:13","date_gmt":"2024-05-22T08:56:13","guid":{"rendered":"https:\/\/allezhoponrange.ca\/?page_id=810"},"modified":"2024-10-25T15:42:31","modified_gmt":"2024-10-25T19:42:31","slug":"pour-les-particuliers","status":"publish","type":"page","link":"https:\/\/allezhoponrange.ca\/en\/pour-les-particuliers\/","title":{"rendered":"Pour les particuliers"},"content":{"rendered":"<div data-elementor-type=\"wp-page\" data-elementor-id=\"810\" class=\"elementor elementor-810\" data-elementor-post-type=\"page\">\n\t\t\t\t<div class=\"elementor-element elementor-element-ce16ad5 e-flex e-con-boxed e-con e-parent\" data-id=\"ce16ad5\" data-element_type=\"container\" data-e-type=\"container\">\n\t\t\t\t\t<div class=\"e-con-inner\">\n\t\t\t\t<div class=\"elementor-element elementor-element-82985f0 elementor-widget-divider--view-line_text elementor-widget-divider--element-align-center elementor-widget elementor-widget-divider\" data-id=\"82985f0\" data-element_type=\"widget\" data-e-type=\"widget\" data-widget_type=\"divider.default\">\n\t\t\t\t<div class=\"elementor-widget-container\">\n\t\t\t\t\t\t\t<div class=\"elementor-divider\">\n\t\t\t<span class=\"elementor-divider-separator\">\n\t\t\t\t\t\t\t<span class=\"elementor-divider__text elementor-divider__element\">\n\t\t\t\tNous Vous aidons \u00e0 organiser votre\t\t\t\t<\/span>\n\t\t\t\t\t\t<\/span>\n\t\t<\/div>\n\t\t\t\t\t\t<\/div>\n\t\t\t\t<\/div>\n\t\t\t\t\t<\/div>\n\t\t\t\t<\/div>\n\t\t<div class=\"elementor-element elementor-element-92a4fc8 e-flex e-con-boxed e-con e-parent\" data-id=\"92a4fc8\" data-element_type=\"container\" data-e-type=\"container\">\n\t\t\t\t\t<div class=\"e-con-inner\">\n\t\t<div class=\"elementor-element elementor-element-efb9bc0 e-con-full e-flex e-con e-child\" data-id=\"efb9bc0\" data-element_type=\"container\" data-e-type=\"container\">\n\t\t\t\t<div class=\"elementor-element elementor-element-653b86c elementor-widget elementor-widget-text-editor\" data-id=\"653b86c\" data-element_type=\"widget\" data-e-type=\"widget\" data-widget_type=\"text-editor.default\">\n\t\t\t\t<div class=\"elementor-widget-container\">\n\t\t\t\t\t\t\t\t\t<p>Basement<br \/>Book shelves<br \/>Children's playroom<br \/>Closet<br \/>Garage<br \/>Home office<br \/>Kitchen<br \/>Laundry<br \/>Storage space<br \/>Wardrobe<\/p>\t\t\t\t\t\t\t\t<\/div>\n\t\t\t\t<\/div>\n\t\t\t\t<div class=\"elementor-element elementor-element-58fac67 elementor-align-left animated-slow elementor-invisible elementor-widget elementor-widget-button\" data-id=\"58fac67\" data-element_type=\"widget\" data-e-type=\"widget\" data-settings=\"{&quot;_animation&quot;:&quot;fadeIn&quot;,&quot;_animation_delay&quot;:500}\" data-widget_type=\"button.default\">\n\t\t\t\t<div class=\"elementor-widget-container\">\n\t\t\t\t\t\t\t\t\t<div class=\"elementor-button-wrapper\">\n\t\t\t\t\t<a class=\"elementor-button elementor-button-link elementor-size-sm\" href=\"https:\/\/allezhoponrange.ca\/en\/booknow-allezhoponrange\/\">\n\t\t\t\t\t\t<span class=\"elementor-button-content-wrapper\">\n\t\t\t\t\t\t<span class=\"elementor-button-icon\">\n\t\t\t\t<svg aria-hidden=\"true\" class=\"e-font-icon-svg e-fas-book\" viewbox=\"0 0 448 512\" xmlns=\"http:\/\/www.w3.org\/2000\/svg\"><path d=\"M448 360V24c0-13.3-10.7-24-24-24H96C43 0 0 43 0 96v320c0 53 43 96 96 96h328c13.3 0 24-10.7 24-24v-16c0-7.5-3.5-14.3-8.9-18.7-4.2-15.4-4.2-59.3 0-74.7 5.4-4.3 8.9-11.1 8.9-18.6zM128 134c0-3.3 2.7-6 6-6h212c3.3 0 6 2.7 6 6v20c0 3.3-2.7 6-6 6H134c-3.3 0-6-2.7-6-6v-20zm0 64c0-3.3 2.7-6 6-6h212c3.3 0 6 2.7 6 6v20c0 3.3-2.7 6-6 6H134c-3.3 0-6-2.7-6-6v-20zm253.4 250H96c-17.7 0-32-14.3-32-32 0-17.6 14.4-32 32-32h285.4c-1.9 17.1-1.9 46.9 0 64z\"><\/path><\/svg>\t\t\t<\/span>\n\t\t\t\t\t\t\t\t\t<span class=\"elementor-button-text\">BookNow<\/span>\n\t\t\t\t\t<\/span>\n\t\t\t\t\t<\/a>\n\t\t\t\t<\/div>\n\t\t\t\t\t\t\t\t<\/div>\n\t\t\t\t<\/div>\n\t\t\t\t<\/div>\n\t\t<div class=\"elementor-element elementor-element-06ad94f e-con-full e-flex e-con e-child\" data-id=\"06ad94f\" data-element_type=\"container\" data-e-type=\"container\">\n\t\t\t\t<div class=\"elementor-element elementor-element-fe8a087 elementor-widget elementor-widget-image\" data-id=\"fe8a087\" data-element_type=\"widget\" data-e-type=\"widget\" data-widget_type=\"image.default\">\n\t\t\t\t<div class=\"elementor-widget-container\">\n\t\t\t\t\t\t\t\t\t\t\t\t\t\t\t<img fetchpriority=\"high\" decoding=\"async\" width=\"1000\" height=\"667\" src=\"https:\/\/allezhoponrange.ca\/wp-content\/uploads\/2024\/05\/2731.jpg\" class=\"attachment-large size-large wp-image-867\" alt=\"\" srcset=\"https:\/\/allezhoponrange.ca\/wp-content\/uploads\/2024\/05\/2731.jpg 1000w, https:\/\/allezhoponrange.ca\/wp-content\/uploads\/2024\/05\/2731-300x200.jpg 300w, https:\/\/allezhoponrange.ca\/wp-content\/uploads\/2024\/05\/2731-768x512.jpg 768w, https:\/\/allezhoponrange.ca\/wp-content\/uploads\/2024\/05\/2731-705x470.jpg 705w\" sizes=\"(max-width: 1000px) 100vw, 1000px\" \/>\t\t\t\t\t\t\t\t\t\t\t\t\t\t\t<\/div>\n\t\t\t\t<\/div>\n\t\t\t\t<\/div>\n\t\t\t\t\t<\/div>\n\t\t\t\t<\/div>\n\t\t<div class=\"elementor-element elementor-element-dd58115 e-flex e-con-boxed e-con e-parent\" data-id=\"dd58115\" data-element_type=\"container\" data-e-type=\"container\">\n\t\t\t\t\t<div class=\"e-con-inner\">\n\t\t\t\t<div class=\"elementor-element elementor-element-a335f5b elementor-widget-divider--view-line_text elementor-widget-divider--element-align-center elementor-widget elementor-widget-divider\" data-id=\"a335f5b\" data-element_type=\"widget\" data-e-type=\"widget\" data-widget_type=\"divider.default\">\n\t\t\t\t<div class=\"elementor-widget-container\">\n\t\t\t\t\t\t\t<div class=\"elementor-divider\">\n\t\t\t<span class=\"elementor-divider-separator\">\n\t\t\t\t\t\t\t<span class=\"elementor-divider__text elementor-divider__element\">\n\t\t\t\tService de rangement et organisation de maison\t\t\t\t<\/span>\n\t\t\t\t\t\t<\/span>\n\t\t<\/div>\n\t\t\t\t\t\t<\/div>\n\t\t\t\t<\/div>\n\t\t\t\t\t<\/div>\n\t\t\t\t<\/div>\n\t\t<div class=\"elementor-element elementor-element-48aa0f8 e-flex e-con-boxed e-con e-parent\" data-id=\"48aa0f8\" data-element_type=\"container\" data-e-type=\"container\">\n\t\t\t\t\t<div class=\"e-con-inner\">\n\t\t<div class=\"elementor-element elementor-element-56eb9ee e-con-full e-flex e-con e-child\" data-id=\"56eb9ee\" data-element_type=\"container\" data-e-type=\"container\">\n\t\t\t\t<div class=\"elementor-element elementor-element-5d42ba5 elementor-widget elementor-widget-image\" data-id=\"5d42ba5\" data-element_type=\"widget\" data-e-type=\"widget\" data-widget_type=\"image.default\">\n\t\t\t\t<div class=\"elementor-widget-container\">\n\t\t\t\t\t\t\t\t\t\t\t\t\t\t\t<img decoding=\"async\" width=\"1000\" height=\"667\" src=\"https:\/\/allezhoponrange.ca\/wp-content\/uploads\/2024\/05\/2149230577.jpg\" class=\"attachment-large size-large wp-image-868\" alt=\"\" srcset=\"https:\/\/allezhoponrange.ca\/wp-content\/uploads\/2024\/05\/2149230577.jpg 1000w, https:\/\/allezhoponrange.ca\/wp-content\/uploads\/2024\/05\/2149230577-300x200.jpg 300w, https:\/\/allezhoponrange.ca\/wp-content\/uploads\/2024\/05\/2149230577-768x512.jpg 768w, https:\/\/allezhoponrange.ca\/wp-content\/uploads\/2024\/05\/2149230577-705x470.jpg 705w\" sizes=\"(max-width: 1000px) 100vw, 1000px\" \/>\t\t\t\t\t\t\t\t\t\t\t\t\t\t\t<\/div>\n\t\t\t\t<\/div>\n\t\t\t\t<\/div>\n\t\t<div class=\"elementor-element elementor-element-986aed0 e-con-full e-flex e-con e-child\" data-id=\"986aed0\" data-element_type=\"container\" data-e-type=\"container\">\n\t\t\t\t<div class=\"elementor-element elementor-element-b1f6691 elementor-widget elementor-widget-heading\" data-id=\"b1f6691\" data-element_type=\"widget\" data-e-type=\"widget\" data-widget_type=\"heading.default\">\n\t\t\t\t<div class=\"elementor-widget-container\">\n\t\t\t\t\t<h3 class=\"elementor-heading-title elementor-size-default\">Packing\/unpacking service<\/h3>\t\t\t\t<\/div>\n\t\t\t\t<\/div>\n\t\t\t\t<div class=\"elementor-element elementor-element-69c8028 elementor-widget elementor-widget-text-editor\" data-id=\"69c8028\" data-element_type=\"widget\" data-e-type=\"widget\" data-widget_type=\"text-editor.default\">\n\t\t\t\t<div class=\"elementor-widget-container\">\n\t\t\t\t\t\t\t\t\t<p><strong>Nous savons que d\u00e9m\u00e9nager peut-\u00eatre tr\u00e8s stressant. Heureusement, nous sommes l\u00e0 pour prendre en charge ce processus pour vous. <\/strong><\/p><ul><li><strong>Nous planifions les \u00e9tapes du d\u00e9m\u00e9nagement et les coordonnons avec la soci\u00e9t\u00e9 de d\u00e9m\u00e9nagement de votre choix. <\/strong><\/li><li><strong>Nous supervisons la derni\u00e8re \u00e9tape du d\u00e9m\u00e9nagement et organisons le nettoyage professionnel de votre ancienne et future maison. <\/strong><\/li><li><strong>Apr\u00e8s le d\u00e9m\u00e9nagement, nous vous aidons \u00e0 d\u00e9baller les bo\u00eetes, \u00e0 organiser votre nouvel espace et \u00e0 vous installer confortablement et efficacement. <\/strong><\/li><li><strong>Avec un \u0153il attentif au design, nous pouvons vous aider \u00e0 positionner vos meubles et objets d\u00e9coratifs, rendant votre nouvel endroit chaleureux et accueillant. <\/strong><\/li><li><strong>Nous d\u00e9sencombrons, r\u00e9duisons la taille et emballons chaque pi\u00e8ce en toute s\u00e9curit\u00e9 avant le d\u00e9m\u00e9nagement. <\/strong><\/li><li><strong>Nous d\u00e9ballons et installons votre nouvelle maison.<\/strong><\/li><\/ul>\t\t\t\t\t\t\t\t<\/div>\n\t\t\t\t<\/div>\n\t\t\t\t<div class=\"elementor-element elementor-element-9baba2f elementor-align-left animated-slow elementor-invisible elementor-widget elementor-widget-button\" data-id=\"9baba2f\" data-element_type=\"widget\" data-e-type=\"widget\" data-settings=\"{&quot;_animation&quot;:&quot;fadeIn&quot;,&quot;_animation_delay&quot;:500}\" data-widget_type=\"button.default\">\n\t\t\t\t<div class=\"elementor-widget-container\">\n\t\t\t\t\t\t\t\t\t<div class=\"elementor-button-wrapper\">\n\t\t\t\t\t<a class=\"elementor-button elementor-button-link elementor-size-sm\" href=\"https:\/\/allezhoponrange.ca\/en\/booknow-allezhoponrange\/\">\n\t\t\t\t\t\t<span class=\"elementor-button-content-wrapper\">\n\t\t\t\t\t\t<span class=\"elementor-button-icon\">\n\t\t\t\t<svg aria-hidden=\"true\" class=\"e-font-icon-svg e-fas-book\" viewbox=\"0 0 448 512\" xmlns=\"http:\/\/www.w3.org\/2000\/svg\"><path d=\"M448 360V24c0-13.3-10.7-24-24-24H96C43 0 0 43 0 96v320c0 53 43 96 96 96h328c13.3 0 24-10.7 24-24v-16c0-7.5-3.5-14.3-8.9-18.7-4.2-15.4-4.2-59.3 0-74.7 5.4-4.3 8.9-11.1 8.9-18.6zM128 134c0-3.3 2.7-6 6-6h212c3.3 0 6 2.7 6 6v20c0 3.3-2.7 6-6 6H134c-3.3 0-6-2.7-6-6v-20zm0 64c0-3.3 2.7-6 6-6h212c3.3 0 6 2.7 6 6v20c0 3.3-2.7 6-6 6H134c-3.3 0-6-2.7-6-6v-20zm253.4 250H96c-17.7 0-32-14.3-32-32 0-17.6 14.4-32 32-32h285.4c-1.9 17.1-1.9 46.9 0 64z\"><\/path><\/svg>\t\t\t<\/span>\n\t\t\t\t\t\t\t\t\t<span class=\"elementor-button-text\">BookNow<\/span>\n\t\t\t\t\t<\/span>\n\t\t\t\t\t<\/a>\n\t\t\t\t<\/div>\n\t\t\t\t\t\t\t\t<\/div>\n\t\t\t\t<\/div>\n\t\t\t\t<\/div>\n\t\t\t\t\t<\/div>\n\t\t\t\t<\/div>\n\t\t<div class=\"elementor-element elementor-element-0161016 e-flex e-con-boxed e-con e-parent\" data-id=\"0161016\" data-element_type=\"container\" data-e-type=\"container\">\n\t\t\t\t\t<div class=\"e-con-inner\">\n\t\t\t\t<div class=\"elementor-element elementor-element-f1d0550 elementor-widget-divider--view-line_text elementor-widget-divider--element-align-center elementor-widget elementor-widget-divider\" data-id=\"f1d0550\" data-element_type=\"widget\" data-e-type=\"widget\" data-widget_type=\"divider.default\">\n\t\t\t\t<div class=\"elementor-widget-container\">\n\t\t\t\t\t\t\t<div class=\"elementor-divider\">\n\t\t\t<span class=\"elementor-divider-separator\">\n\t\t\t\t\t\t\t<span class=\"elementor-divider__text elementor-divider__element\">\n\t\t\t\tStylisme et Mode \t\t\t\t<\/span>\n\t\t\t\t\t\t<\/span>\n\t\t<\/div>\n\t\t\t\t\t\t<\/div>\n\t\t\t\t<\/div>\n\t\t\t\t<div class=\"elementor-element elementor-element-eff9c17 elementor-widget elementor-widget-text-editor\" data-id=\"eff9c17\" data-element_type=\"widget\" data-e-type=\"widget\" data-widget_type=\"text-editor.default\">\n\t\t\t\t<div class=\"elementor-widget-container\">\n\t\t\t\t\t\t\t\t\t<p><strong>Accompagnement sur mesure pour <br \/><br \/>Notre styliste vous donnera ses meilleurs conseils pour vous r\u00e9v\u00e9ler afin de devenir la meilleure version de vous-m\u00eame\u00a0!<br \/>Mode, couleurs, style, entretiens d\u2019embauche, votre garde-robe\u2026 rien ne lui \u00e9chappe\u00a0! <\/strong><\/p>\t\t\t\t\t\t\t\t<\/div>\n\t\t\t\t<\/div>\n\t\t\t\t\t<\/div>\n\t\t\t\t<\/div>\n\t\t<div class=\"elementor-element elementor-element-60761e3 e-flex e-con-boxed e-con e-parent\" data-id=\"60761e3\" data-element_type=\"container\" data-e-type=\"container\">\n\t\t\t\t\t<div class=\"e-con-inner\">\n\t\t<div class=\"elementor-element elementor-element-01f0bda e-con-full e-flex e-con e-child\" data-id=\"01f0bda\" data-element_type=\"container\" data-e-type=\"container\">\n\t\t\t\t<div class=\"elementor-element elementor-element-0fe54ab elementor-widget elementor-widget-image\" data-id=\"0fe54ab\" data-element_type=\"widget\" data-e-type=\"widget\" data-widget_type=\"image.default\">\n\t\t\t\t<div class=\"elementor-widget-container\">\n\t\t\t\t\t\t\t\t\t\t\t\t\t\t\t<img decoding=\"async\" width=\"1000\" height=\"712\" src=\"https:\/\/allezhoponrange.ca\/wp-content\/uploads\/2024\/05\/7644.jpg\" class=\"attachment-full size-full wp-image-869\" alt=\"\" srcset=\"https:\/\/allezhoponrange.ca\/wp-content\/uploads\/2024\/05\/7644.jpg 1000w, https:\/\/allezhoponrange.ca\/wp-content\/uploads\/2024\/05\/7644-300x214.jpg 300w, https:\/\/allezhoponrange.ca\/wp-content\/uploads\/2024\/05\/7644-768x547.jpg 768w, https:\/\/allezhoponrange.ca\/wp-content\/uploads\/2024\/05\/7644-260x185.jpg 260w, https:\/\/allezhoponrange.ca\/wp-content\/uploads\/2024\/05\/7644-705x502.jpg 705w\" sizes=\"(max-width: 1000px) 100vw, 1000px\" \/>\t\t\t\t\t\t\t\t\t\t\t\t\t\t\t<\/div>\n\t\t\t\t<\/div>\n\t\t\t\t<div class=\"elementor-element elementor-element-19e09b3 elementor-align-center animated-slow elementor-invisible elementor-widget elementor-widget-button\" data-id=\"19e09b3\" data-element_type=\"widget\" data-e-type=\"widget\" data-settings=\"{&quot;_animation&quot;:&quot;fadeIn&quot;,&quot;_animation_delay&quot;:500}\" data-widget_type=\"button.default\">\n\t\t\t\t<div class=\"elementor-widget-container\">\n\t\t\t\t\t\t\t\t\t<div class=\"elementor-button-wrapper\">\n\t\t\t\t\t<a class=\"elementor-button elementor-button-link elementor-size-sm\" href=\"https:\/\/allezhoponrange.ca\/en\/booknow-allezhoponrange\/\">\n\t\t\t\t\t\t<span class=\"elementor-button-content-wrapper\">\n\t\t\t\t\t\t<span class=\"elementor-button-icon\">\n\t\t\t\t<svg aria-hidden=\"true\" class=\"e-font-icon-svg e-fas-book\" viewbox=\"0 0 448 512\" xmlns=\"http:\/\/www.w3.org\/2000\/svg\"><path d=\"M448 360V24c0-13.3-10.7-24-24-24H96C43 0 0 43 0 96v320c0 53 43 96 96 96h328c13.3 0 24-10.7 24-24v-16c0-7.5-3.5-14.3-8.9-18.7-4.2-15.4-4.2-59.3 0-74.7 5.4-4.3 8.9-11.1 8.9-18.6zM128 134c0-3.3 2.7-6 6-6h212c3.3 0 6 2.7 6 6v20c0 3.3-2.7 6-6 6H134c-3.3 0-6-2.7-6-6v-20zm0 64c0-3.3 2.7-6 6-6h212c3.3 0 6 2.7 6 6v20c0 3.3-2.7 6-6 6H134c-3.3 0-6-2.7-6-6v-20zm253.4 250H96c-17.7 0-32-14.3-32-32 0-17.6 14.4-32 32-32h285.4c-1.9 17.1-1.9 46.9 0 64z\"><\/path><\/svg>\t\t\t<\/span>\n\t\t\t\t\t\t\t\t\t<span class=\"elementor-button-text\">BookNow<\/span>\n\t\t\t\t\t<\/span>\n\t\t\t\t\t<\/a>\n\t\t\t\t<\/div>\n\t\t\t\t\t\t\t\t<\/div>\n\t\t\t\t<\/div>\n\t\t\t\t<\/div>\n\t\t<div class=\"elementor-element elementor-element-7e26d03 e-con-full e-flex e-con e-child\" data-id=\"7e26d03\" data-element_type=\"container\" data-e-type=\"container\">\n\t\t\t\t<div class=\"elementor-element elementor-element-63c0c9d elementor-widget elementor-widget-text-editor\" data-id=\"63c0c9d\" data-element_type=\"widget\" data-e-type=\"widget\" data-widget_type=\"text-editor.default\">\n\t\t\t\t<div class=\"elementor-widget-container\">\n\t\t\t\t\t\t\t\t\t<p><strong><em>Les prestations<\/em><\/strong><\/p><ul><li><strong>Qui \u00eates-vous\u00a0? vos souhaits vos envies, premier \u00e9change offert\u00a0<\/strong><strong style=\"text-align: var(--text-align);\">45 min<\/strong><\/li><li><strong>R\u00e9v\u00e9lez vos couleurs\u00a0: Test afin de r\u00e9v\u00e9ler votre palette de couleurs, Analyse de la symbolique des couleurs, des harmonies, et apprendre \u00e0 se servir de la roue chromatique 1h30\u00a0 <\/strong><\/li><li><strong>R\u00e9v\u00e9lez votre style\u00a0: ensemble, d\u00e9terminons votre morphologie et votre style gr\u00e2ce \u00e0 des visuels inspirants 2h <\/strong><\/li><li><strong>Magasinez des pi\u00e8ces uniques pour votre morpho, <\/strong><\/li><\/ul><p><strong>Accompagnement magasinage et analyse de votre morphologie 3h<\/strong><\/p><p><strong style=\"text-align: var(--text-align);\">Stylisez votre dressing en cr\u00e9ant des tenues avec vos v\u00eatements<\/strong><\/p><ul><li><strong>Magasinez des pi\u00e8ces insoup\u00e7onn\u00e9es de votre dressing remises au gout du jour<\/strong><\/li><\/ul><p><strong>Rangement complet et tri des v\u00eatements 2h<\/strong><\/p><ul><li><strong style=\"text-align: var(--text-align);\">R\u00e9v\u00e9lez-vous pour le plus beau jour de votre vie. 4h<\/strong><\/li><li><strong style=\"text-align: var(--text-align);\">Rayonnez pour vos soir\u00e9es cocktails 2h<\/strong><\/li><li><strong style=\"text-align: var(--text-align);\">Faire bonne impression lors d\u2019un entretien d\u2019embauche ou un \u00e9v\u00e9nement important dans votre vie 2h<\/strong><\/li><\/ul><p><strong>Parce que la premi\u00e8re impression est souvent la bonne, travailler son image est tr\u00e8s importante.<br \/>Entretiens d\u2019embauche, nouveau travail, vous aurez tous les outils pour\u00a0vous d\u00e9marquer.<\/strong><\/p>\t\t\t\t\t\t\t\t<\/div>\n\t\t\t\t<\/div>\n\t\t\t\t<\/div>\n\t\t\t\t\t<\/div>\n\t\t\t\t<\/div>\n\t\t<div class=\"elementor-element elementor-element-dced568 e-flex e-con-boxed e-con e-parent\" data-id=\"dced568\" data-element_type=\"container\" data-e-type=\"container\">\n\t\t\t\t\t<div class=\"e-con-inner\">\n\t\t\t\t<div class=\"elementor-element elementor-element-479d4e4 elementor-widget-divider--view-line_text elementor-widget-divider--element-align-center elementor-widget elementor-widget-divider\" data-id=\"479d4e4\" data-element_type=\"widget\" data-e-type=\"widget\" data-widget_type=\"divider.default\">\n\t\t\t\t<div class=\"elementor-widget-container\">\n\t\t\t\t\t\t\t<div class=\"elementor-divider\">\n\t\t\t<span class=\"elementor-divider-separator\">\n\t\t\t\t\t\t\t<span class=\"elementor-divider__text elementor-divider__element\">\n\t\t\t\tThe process\t\t\t\t<\/span>\n\t\t\t\t\t\t<\/span>\n\t\t<\/div>\n\t\t\t\t\t\t<\/div>\n\t\t\t\t<\/div>\n\t\t\t\t\t<\/div>\n\t\t\t\t<\/div>\n\t\t<div class=\"elementor-element elementor-element-6c7e4c0 e-flex e-con-boxed e-con e-parent\" data-id=\"6c7e4c0\" data-element_type=\"container\" data-e-type=\"container\">\n\t\t\t\t\t<div class=\"e-con-inner\">\n\t\t<div class=\"elementor-element elementor-element-8e42d79 e-con-full e-flex e-con e-child\" data-id=\"8e42d79\" data-element_type=\"container\" data-e-type=\"container\">\n\t\t\t\t<div class=\"elementor-element elementor-element-12fa314 elementor-widget elementor-widget-text-editor\" data-id=\"12fa314\" data-element_type=\"widget\" data-e-type=\"widget\" data-widget_type=\"text-editor.default\">\n\t\t\t\t<div class=\"elementor-widget-container\">\n\t\t\t\t\t\t\t\t\t<ol><li><strong>Remplissez notre BookNow en bas de cette page<\/strong><\/li><li><strong>Nous vous contacterons pour discuter du projet et \u00e9valuer le nombre d\u2019heures approximatif n\u00e9cessaire pour le r\u00e9aliser<\/strong><\/li><li><strong>Nous s\u00e9lectionnons un moment qui convient \u00e0 tous les deux pour une visite sur place afin de discuter en d\u00e9tail du travail que vous souhaitez r\u00e9aliser et de mesurer les espaces, et d\u2019acheter des contenants et des mat\u00e9riaux d\u2019organisation si n\u00e9cessaire.<\/strong><\/li><li><strong>La derni\u00e8re \u00e9tape est de fixer un moment pour commence<\/strong><\/li><\/ol>\t\t\t\t\t\t\t\t<\/div>\n\t\t\t\t<\/div>\n\t\t\t\t<div class=\"elementor-element elementor-element-150130a elementor-align-left animated-slow elementor-invisible elementor-widget elementor-widget-button\" data-id=\"150130a\" data-element_type=\"widget\" data-e-type=\"widget\" data-settings=\"{&quot;_animation&quot;:&quot;fadeIn&quot;,&quot;_animation_delay&quot;:500}\" data-widget_type=\"button.default\">\n\t\t\t\t<div class=\"elementor-widget-container\">\n\t\t\t\t\t\t\t\t\t<div class=\"elementor-button-wrapper\">\n\t\t\t\t\t<a class=\"elementor-button elementor-button-link elementor-size-sm\" href=\"https:\/\/allezhoponrange.ca\/en\/booknow-allezhoponrange\/\">\n\t\t\t\t\t\t<span class=\"elementor-button-content-wrapper\">\n\t\t\t\t\t\t<span class=\"elementor-button-icon\">\n\t\t\t\t<svg aria-hidden=\"true\" class=\"e-font-icon-svg e-fas-book\" viewbox=\"0 0 448 512\" xmlns=\"http:\/\/www.w3.org\/2000\/svg\"><path d=\"M448 360V24c0-13.3-10.7-24-24-24H96C43 0 0 43 0 96v320c0 53 43 96 96 96h328c13.3 0 24-10.7 24-24v-16c0-7.5-3.5-14.3-8.9-18.7-4.2-15.4-4.2-59.3 0-74.7 5.4-4.3 8.9-11.1 8.9-18.6zM128 134c0-3.3 2.7-6 6-6h212c3.3 0 6 2.7 6 6v20c0 3.3-2.7 6-6 6H134c-3.3 0-6-2.7-6-6v-20zm0 64c0-3.3 2.7-6 6-6h212c3.3 0 6 2.7 6 6v20c0 3.3-2.7 6-6 6H134c-3.3 0-6-2.7-6-6v-20zm253.4 250H96c-17.7 0-32-14.3-32-32 0-17.6 14.4-32 32-32h285.4c-1.9 17.1-1.9 46.9 0 64z\"><\/path><\/svg>\t\t\t<\/span>\n\t\t\t\t\t\t\t\t\t<span class=\"elementor-button-text\">BookNow<\/span>\n\t\t\t\t\t<\/span>\n\t\t\t\t\t<\/a>\n\t\t\t\t<\/div>\n\t\t\t\t\t\t\t\t<\/div>\n\t\t\t\t<\/div>\n\t\t\t\t<\/div>\n\t\t<div class=\"elementor-element elementor-element-823ee6c e-con-full e-flex e-con e-child\" data-id=\"823ee6c\" data-element_type=\"container\" data-e-type=\"container\">\n\t\t\t\t<div class=\"elementor-element elementor-element-557bf57 elementor-widget elementor-widget-image\" data-id=\"557bf57\" data-element_type=\"widget\" data-e-type=\"widget\" data-widget_type=\"image.default\">\n\t\t\t\t<div class=\"elementor-widget-container\">\n\t\t\t\t\t\t\t\t\t\t\t\t\t\t\t<img loading=\"lazy\" decoding=\"async\" width=\"1000\" height=\"667\" src=\"https:\/\/allezhoponrange.ca\/wp-content\/uploads\/2024\/05\/2148407667.jpg\" class=\"attachment-large size-large wp-image-866\" alt=\"\" srcset=\"https:\/\/allezhoponrange.ca\/wp-content\/uploads\/2024\/05\/2148407667.jpg 1000w, https:\/\/allezhoponrange.ca\/wp-content\/uploads\/2024\/05\/2148407667-300x200.jpg 300w, https:\/\/allezhoponrange.ca\/wp-content\/uploads\/2024\/05\/2148407667-768x512.jpg 768w, https:\/\/allezhoponrange.ca\/wp-content\/uploads\/2024\/05\/2148407667-705x470.jpg 705w\" sizes=\"(max-width: 1000px) 100vw, 1000px\" \/>\t\t\t\t\t\t\t\t\t\t\t\t\t\t\t<\/div>\n\t\t\t\t<\/div>\n\t\t\t\t<\/div>\n\t\t\t\t\t<\/div>\n\t\t\t\t<\/div>\n\t\t\t\t<\/div>","protected":false},"excerpt":{"rendered":"<p>Nous Vous aidons \u00e0 organiser votre Sous-sol\u00c9tag\u00e8res de livresSalle de jeux pour enfantsPlacardGarageBureau \u00e0 domicileCuisineBuanderieEspace de stockageGarde-robe BookNow Service de rangement et organisation de maison Service d&#8217;emballage\/d\u00e9ballage Nous savons que d\u00e9m\u00e9nager peut-\u00eatre tr\u00e8s stressant. Heureusement, nous sommes l\u00e0 pour prendre en charge ce processus pour vous. Nous planifions les \u00e9tapes du d\u00e9m\u00e9nagement et les coordonnons [&hellip;]<\/p>","protected":false},"author":1,"featured_media":0,"parent":0,"menu_order":0,"comment_status":"closed","ping_status":"closed","template":"","meta":{"footnotes":""},"class_list":["post-810","page","type-page","status-publish","hentry"],"_links":{"self":[{"href":"https:\/\/allezhoponrange.ca\/en\/wp-json\/wp\/v2\/pages\/810","targetHints":{"allow":["GET"]}}],"collection":[{"href":"https:\/\/allezhoponrange.ca\/en\/wp-json\/wp\/v2\/pages"}],"about":[{"href":"https:\/\/allezhoponrange.ca\/en\/wp-json\/wp\/v2\/types\/page"}],"author":[{"embeddable":true,"href":"https:\/\/allezhoponrange.ca\/en\/wp-json\/wp\/v2\/users\/1"}],"replies":[{"embeddable":true,"href":"https:\/\/allezhoponrange.ca\/en\/wp-json\/wp\/v2\/comments?post=810"}],"version-history":[{"count":24,"href":"https:\/\/allezhoponrange.ca\/en\/wp-json\/wp\/v2\/pages\/810\/revisions"}],"predecessor-version":[{"id":904,"href":"https:\/\/allezhoponrange.ca\/en\/wp-json\/wp\/v2\/pages\/810\/revisions\/904"}],"wp:attachment":[{"href":"https:\/\/allezhoponrange.ca\/en\/wp-json\/wp\/v2\/media?parent=810"}],"curies":[{"name":"wp","href":"https:\/\/api.w.org\/{rel}","templated":true}]}}