{"id":188,"date":"2023-11-07T15:35:13","date_gmt":"2023-11-07T19:35:13","guid":{"rendered":"https:\/\/allezhoponrange.ca\/?page_id=188"},"modified":"2024-11-26T14:48:03","modified_gmt":"2024-11-26T18:48:03","slug":"contact-us-allezhoponrange","status":"publish","type":"page","link":"https:\/\/allezhoponrange.ca\/en\/contact-us-allezhoponrange\/","title":{"rendered":"Contact us Allezhoponrange"},"content":{"rendered":"<div data-elementor-type=\"wp-page\" data-elementor-id=\"188\" class=\"elementor elementor-188\" data-elementor-post-type=\"page\">\n\t\t\t\t<div class=\"elementor-element elementor-element-c3aa1e4 e-flex e-con-boxed e-con e-parent\" data-id=\"c3aa1e4\" data-element_type=\"container\" data-e-type=\"container\">\n\t\t\t\t\t<div class=\"e-con-inner\">\n\t\t<div class=\"elementor-element elementor-element-519308f e-con-full e-flex e-con e-child\" data-id=\"519308f\" data-element_type=\"container\" data-e-type=\"container\">\n\t\t\t\t<div class=\"elementor-element elementor-element-eddb119 elementor-widget elementor-widget-google_maps\" data-id=\"eddb119\" data-element_type=\"widget\" data-e-type=\"widget\" data-widget_type=\"google_maps.default\">\n\t\t\t\t<div class=\"elementor-widget-container\">\n\t\t\t\t\t\t\t<div class=\"elementor-custom-embed\">\n\t\t\t<iframe loading=\"lazy\"\n\t\t\t\t\tsrc=\"https:\/\/maps.google.com\/maps?q=Montreal&#038;t=m&#038;z=10&#038;output=embed&#038;iwloc=near\"\n\t\t\t\t\ttitle=\"Montreal\"\n\t\t\t\t\taria-label=\"Montreal\"\n\t\t\t><\/iframe>\n\t\t<\/div>\n\t\t\t\t\t\t<\/div>\n\t\t\t\t<\/div>\n\t\t\t\t<\/div>\n\t\t<div class=\"elementor-element elementor-element-ef30d73 e-con-full e-flex elementor-invisible e-con e-child\" data-id=\"ef30d73\" data-element_type=\"container\" data-e-type=\"container\" data-settings=\"{&quot;animation&quot;:&quot;fadeInLeft&quot;}\">\n\t\t\t\t<div class=\"elementor-element elementor-element-bc4dae3 elementor-widget elementor-widget-heading\" data-id=\"bc4dae3\" data-element_type=\"widget\" data-e-type=\"widget\" data-widget_type=\"heading.default\">\n\t\t\t\t<div class=\"elementor-widget-container\">\n\t\t\t\t\t<h2 class=\"elementor-heading-title elementor-size-default\">Contact us <\/h2>\t\t\t\t<\/div>\n\t\t\t\t<\/div>\n\t\t\t\t<div class=\"elementor-element elementor-element-36fd52c elementor-widget elementor-widget-heading\" data-id=\"36fd52c\" data-element_type=\"widget\" data-e-type=\"widget\" data-widget_type=\"heading.default\">\n\t\t\t\t<div class=\"elementor-widget-container\">\n\t\t\t\t\t<p class=\"elementor-heading-title elementor-size-default\">Feel free to contact us today to experience the joy of a well-organized space.<\/p>\t\t\t\t<\/div>\n\t\t\t\t<\/div>\n\t\t\t\t<div class=\"elementor-element elementor-element-d11e62b elementor-widget elementor-widget-text-editor\" data-id=\"d11e62b\" data-element_type=\"widget\" data-e-type=\"widget\" data-widget_type=\"text-editor.default\">\n\t\t\t\t<div class=\"elementor-widget-container\">\n\t\t\t\t\t\t\t\t\t<p><strong>Email: allezhoponrange@gmail.com<\/strong><br \/><strong>Address: J4R 2L9 Saint Lambert<\/strong><br \/><strong>Tell: +1 514 574 5352<\/strong><\/p>\t\t\t\t\t\t\t\t<\/div>\n\t\t\t\t<\/div>\n\t\t\t\t<\/div>\n\t\t\t\t\t<\/div>\n\t\t\t\t<\/div>\n\t\t\t\t<\/div>","protected":false},"excerpt":{"rendered":"<p>Contactez-nous N&rsquo;h\u00e9sitez pas \u00e0 nous contacter d\u00e8s aujourd&rsquo;hui pour vivre la joie d&rsquo;un espace bien organis\u00e9. Email: allezhoponrange@gmail.comAddress: J4R 2L9 Saint LambertTell: +1 514 574 5352<\/p>","protected":false},"author":1,"featured_media":0,"parent":0,"menu_order":0,"comment_status":"closed","ping_status":"closed","template":"","meta":{"footnotes":""},"class_list":["post-188","page","type-page","status-publish","hentry"],"_links":{"self":[{"href":"https:\/\/allezhoponrange.ca\/en\/wp-json\/wp\/v2\/pages\/188","targetHints":{"allow":["GET"]}}],"collection":[{"href":"https:\/\/allezhoponrange.ca\/en\/wp-json\/wp\/v2\/pages"}],"about":[{"href":"https:\/\/allezhoponrange.ca\/en\/wp-json\/wp\/v2\/types\/page"}],"author":[{"embeddable":true,"href":"https:\/\/allezhoponrange.ca\/en\/wp-json\/wp\/v2\/users\/1"}],"replies":[{"embeddable":true,"href":"https:\/\/allezhoponrange.ca\/en\/wp-json\/wp\/v2\/comments?post=188"}],"version-history":[{"count":19,"href":"https:\/\/allezhoponrange.ca\/en\/wp-json\/wp\/v2\/pages\/188\/revisions"}],"predecessor-version":[{"id":925,"href":"https:\/\/allezhoponrange.ca\/en\/wp-json\/wp\/v2\/pages\/188\/revisions\/925"}],"wp:attachment":[{"href":"https:\/\/allezhoponrange.ca\/en\/wp-json\/wp\/v2\/media?parent=188"}],"curies":[{"name":"wp","href":"https:\/\/api.w.org\/{rel}","templated":true}]}}