{"id":132,"date":"2023-11-07T14:14:03","date_gmt":"2023-11-07T18:14:03","guid":{"rendered":"https:\/\/allezhoponrange.ca\/?page_id=132"},"modified":"2023-11-17T14:17:34","modified_gmt":"2023-11-17T18:17:34","slug":"information-to-order","status":"publish","type":"page","link":"https:\/\/allezhoponrange.ca\/en\/information-to-order\/","title":{"rendered":"Information to Order"},"content":{"rendered":"<div data-elementor-type=\"wp-page\" data-elementor-id=\"132\" class=\"elementor elementor-132\" data-elementor-post-type=\"page\">\n\t\t\t\t<div class=\"elementor-element elementor-element-0374937 e-flex e-con-boxed e-con e-parent\" data-id=\"0374937\" data-element_type=\"container\" data-e-type=\"container\">\n\t\t\t\t\t<div class=\"e-con-inner\">\n\t\t<div class=\"elementor-element elementor-element-be55fb6 e-con-full e-flex e-con e-child\" data-id=\"be55fb6\" data-element_type=\"container\" data-e-type=\"container\">\n\t\t\t\t<\/div>\n\t\t<div class=\"elementor-element elementor-element-03a8257 e-con-full e-flex e-con e-child\" data-id=\"03a8257\" data-element_type=\"container\" data-e-type=\"container\">\n\t\t\t\t<div class=\"elementor-element elementor-element-f35c31a elementor-widget elementor-widget-image\" data-id=\"f35c31a\" data-element_type=\"widget\" data-e-type=\"widget\" data-widget_type=\"image.default\">\n\t\t\t\t<div class=\"elementor-widget-container\">\n\t\t\t\t\t\t\t\t\t\t\t\t\t\t\t<img decoding=\"async\" width=\"64\" height=\"64\" src=\"https:\/\/allezhoponrange.ca\/wp-content\/uploads\/2023\/11\/checklist.png\" class=\"attachment-full size-full wp-image-149\" alt=\"\" srcset=\"https:\/\/allezhoponrange.ca\/wp-content\/uploads\/2023\/11\/checklist.png 64w, https:\/\/allezhoponrange.ca\/wp-content\/uploads\/2023\/11\/checklist-36x36.png 36w\" sizes=\"(max-width: 64px) 100vw, 64px\" \/>\t\t\t\t\t\t\t\t\t\t\t\t\t\t\t<\/div>\n\t\t\t\t<\/div>\n\t\t\t\t<div class=\"elementor-element elementor-element-6a52f07 elementor-widget elementor-widget-text-editor\" data-id=\"6a52f07\" data-element_type=\"widget\" data-e-type=\"widget\" data-widget_type=\"text-editor.default\">\n\t\t\t\t<div class=\"elementor-widget-container\">\n\t\t\t\t\t\t\t\t\t<p>Our Process<\/p>\t\t\t\t\t\t\t\t<\/div>\n\t\t\t\t<\/div>\n\t\t\t\t<\/div>\n\t\t<div class=\"elementor-element elementor-element-573f9dd e-con-full e-flex e-con e-child\" data-id=\"573f9dd\" data-element_type=\"container\" data-e-type=\"container\">\n\t\t\t\t<\/div>\n\t\t\t\t\t<\/div>\n\t\t\t\t<\/div>\n\t\t<div class=\"elementor-element elementor-element-28bd1d2 e-flex e-con-boxed e-con e-parent\" data-id=\"28bd1d2\" data-element_type=\"container\" data-e-type=\"container\">\n\t\t\t\t\t<div class=\"e-con-inner\">\n\t\t<div class=\"elementor-element elementor-element-4c35905 e-con-full e-flex e-con e-child\" data-id=\"4c35905\" data-element_type=\"container\" data-e-type=\"container\">\n\t\t\t\t<\/div>\n\t\t<div class=\"elementor-element elementor-element-20b5a88 e-con-full e-flex e-con e-child\" data-id=\"20b5a88\" data-element_type=\"container\" data-e-type=\"container\">\n\t\t\t\t<div class=\"elementor-element elementor-element-3dab974 elementor-widget elementor-widget-image\" data-id=\"3dab974\" data-element_type=\"widget\" data-e-type=\"widget\" data-widget_type=\"image.default\">\n\t\t\t\t<div class=\"elementor-widget-container\">\n\t\t\t\t\t\t\t\t\t\t\t\t\t\t\t<img decoding=\"async\" width=\"64\" height=\"64\" src=\"https:\/\/allezhoponrange.ca\/wp-content\/uploads\/2023\/11\/communicate.png\" class=\"attachment-full size-full wp-image-147\" alt=\"\" srcset=\"https:\/\/allezhoponrange.ca\/wp-content\/uploads\/2023\/11\/communicate.png 64w, https:\/\/allezhoponrange.ca\/wp-content\/uploads\/2023\/11\/communicate-36x36.png 36w\" sizes=\"(max-width: 64px) 100vw, 64px\" \/>\t\t\t\t\t\t\t\t\t\t\t\t\t\t\t<\/div>\n\t\t\t\t<\/div>\n\t\t\t\t<div class=\"elementor-element elementor-element-c8ec961 elementor-widget elementor-widget-text-editor\" data-id=\"c8ec961\" data-element_type=\"widget\" data-e-type=\"widget\" data-widget_type=\"text-editor.default\">\n\t\t\t\t<div class=\"elementor-widget-container\">\n\t\t\t\t\t\t\t\t\t<p><strong>Step 1.<\/strong> Call us or send us an email. Let us know briefly which spaces you'd like to organize.<\/p>\t\t\t\t\t\t\t\t<\/div>\n\t\t\t\t<\/div>\n\t\t\t\t<\/div>\n\t\t<div class=\"elementor-element elementor-element-2843811 e-con-full e-flex e-con e-child\" data-id=\"2843811\" data-element_type=\"container\" data-e-type=\"container\">\n\t\t\t\t<\/div>\n\t\t\t\t\t<\/div>\n\t\t\t\t<\/div>\n\t\t<div class=\"elementor-element elementor-element-6f7ca0f e-flex e-con-boxed e-con e-parent\" data-id=\"6f7ca0f\" data-element_type=\"container\" data-e-type=\"container\">\n\t\t\t\t\t<div class=\"e-con-inner\">\n\t\t<div class=\"elementor-element elementor-element-f3f750a e-con-full e-flex e-con e-child\" data-id=\"f3f750a\" data-element_type=\"container\" data-e-type=\"container\">\n\t\t\t\t<\/div>\n\t\t<div class=\"elementor-element elementor-element-4dd4b3a e-con-full e-flex e-con e-child\" data-id=\"4dd4b3a\" data-element_type=\"container\" data-e-type=\"container\">\n\t\t\t\t<div class=\"elementor-element elementor-element-ac4b133 elementor-widget elementor-widget-image\" data-id=\"ac4b133\" data-element_type=\"widget\" data-e-type=\"widget\" data-widget_type=\"image.default\">\n\t\t\t\t<div class=\"elementor-widget-container\">\n\t\t\t\t\t\t\t\t\t\t\t\t\t\t\t<img decoding=\"async\" width=\"64\" height=\"64\" src=\"https:\/\/allezhoponrange.ca\/wp-content\/uploads\/2023\/11\/house.png\" class=\"attachment-full size-full wp-image-151\" alt=\"\" srcset=\"https:\/\/allezhoponrange.ca\/wp-content\/uploads\/2023\/11\/house.png 64w, https:\/\/allezhoponrange.ca\/wp-content\/uploads\/2023\/11\/house-36x36.png 36w\" sizes=\"(max-width: 64px) 100vw, 64px\" \/>\t\t\t\t\t\t\t\t\t\t\t\t\t\t\t<\/div>\n\t\t\t\t<\/div>\n\t\t\t\t<div class=\"elementor-element elementor-element-376ba80 elementor-widget elementor-widget-text-editor\" data-id=\"376ba80\" data-element_type=\"widget\" data-e-type=\"widget\" data-widget_type=\"text-editor.default\">\n\t\t\t\t<div class=\"elementor-widget-container\">\n\t\t\t\t\t\t\t\t\t<p><strong>Step 2.<\/strong> You can send us photos, or if that\u2019s not possible, we can visit you in person.<\/p>\t\t\t\t\t\t\t\t<\/div>\n\t\t\t\t<\/div>\n\t\t\t\t<\/div>\n\t\t<div class=\"elementor-element elementor-element-e8f2ada e-con-full e-flex e-con e-child\" data-id=\"e8f2ada\" data-element_type=\"container\" data-e-type=\"container\">\n\t\t\t\t<\/div>\n\t\t\t\t\t<\/div>\n\t\t\t\t<\/div>\n\t\t<div class=\"elementor-element elementor-element-33f1fb8 e-flex e-con-boxed e-con e-parent\" data-id=\"33f1fb8\" data-element_type=\"container\" data-e-type=\"container\">\n\t\t\t\t\t<div class=\"e-con-inner\">\n\t\t<div class=\"elementor-element elementor-element-9b61005 e-con-full e-flex e-con e-child\" data-id=\"9b61005\" data-element_type=\"container\" data-e-type=\"container\">\n\t\t\t\t<\/div>\n\t\t<div class=\"elementor-element elementor-element-defb76e e-con-full e-flex e-con e-child\" data-id=\"defb76e\" data-element_type=\"container\" data-e-type=\"container\">\n\t\t\t\t<div class=\"elementor-element elementor-element-834f47a elementor-widget elementor-widget-image\" data-id=\"834f47a\" data-element_type=\"widget\" data-e-type=\"widget\" data-widget_type=\"image.default\">\n\t\t\t\t<div class=\"elementor-widget-container\">\n\t\t\t\t\t\t\t\t\t\t\t\t\t\t\t<img loading=\"lazy\" decoding=\"async\" width=\"64\" height=\"64\" src=\"https:\/\/allezhoponrange.ca\/wp-content\/uploads\/2023\/11\/optimization.png\" class=\"attachment-full size-full wp-image-150\" alt=\"\" srcset=\"https:\/\/allezhoponrange.ca\/wp-content\/uploads\/2023\/11\/optimization.png 64w, https:\/\/allezhoponrange.ca\/wp-content\/uploads\/2023\/11\/optimization-36x36.png 36w\" sizes=\"(max-width: 64px) 100vw, 64px\" \/>\t\t\t\t\t\t\t\t\t\t\t\t\t\t\t<\/div>\n\t\t\t\t<\/div>\n\t\t\t\t<div class=\"elementor-element elementor-element-4a27449 elementor-widget elementor-widget-text-editor\" data-id=\"4a27449\" data-element_type=\"widget\" data-e-type=\"widget\" data-widget_type=\"text-editor.default\">\n\t\t\t\t<div class=\"elementor-widget-container\">\n\t\t\t\t\t\t\t\t\t<p><strong>Step 3.<\/strong> We conduct an assessment and see if there\u2019s anything needed to make the space more organized. We can purchase them for you.<\/p>\t\t\t\t\t\t\t\t<\/div>\n\t\t\t\t<\/div>\n\t\t\t\t<\/div>\n\t\t<div class=\"elementor-element elementor-element-7472168 e-con-full e-flex e-con e-child\" data-id=\"7472168\" data-element_type=\"container\" data-e-type=\"container\">\n\t\t\t\t<\/div>\n\t\t\t\t\t<\/div>\n\t\t\t\t<\/div>\n\t\t<div class=\"elementor-element elementor-element-4d7f081 e-flex e-con-boxed e-con e-parent\" data-id=\"4d7f081\" data-element_type=\"container\" data-e-type=\"container\">\n\t\t\t\t\t<div class=\"e-con-inner\">\n\t\t<div class=\"elementor-element elementor-element-a17f29f e-con-full e-flex e-con e-child\" data-id=\"a17f29f\" data-element_type=\"container\" data-e-type=\"container\">\n\t\t\t\t<\/div>\n\t\t<div class=\"elementor-element elementor-element-b86e6aa e-con-full e-flex e-con e-child\" data-id=\"b86e6aa\" data-element_type=\"container\" data-e-type=\"container\">\n\t\t\t\t<div class=\"elementor-element elementor-element-d530c1f elementor-widget elementor-widget-image\" data-id=\"d530c1f\" data-element_type=\"widget\" data-e-type=\"widget\" data-widget_type=\"image.default\">\n\t\t\t\t<div class=\"elementor-widget-container\">\n\t\t\t\t\t\t\t\t\t\t\t\t\t\t\t<img loading=\"lazy\" decoding=\"async\" width=\"64\" height=\"64\" src=\"https:\/\/allezhoponrange.ca\/wp-content\/uploads\/2023\/11\/deadline.png\" class=\"attachment-full size-full wp-image-152\" alt=\"\" srcset=\"https:\/\/allezhoponrange.ca\/wp-content\/uploads\/2023\/11\/deadline.png 64w, https:\/\/allezhoponrange.ca\/wp-content\/uploads\/2023\/11\/deadline-36x36.png 36w\" sizes=\"(max-width: 64px) 100vw, 64px\" \/>\t\t\t\t\t\t\t\t\t\t\t\t\t\t\t<\/div>\n\t\t\t\t<\/div>\n\t\t\t\t<div class=\"elementor-element elementor-element-f0d4341 elementor-widget elementor-widget-text-editor\" data-id=\"f0d4341\" data-element_type=\"widget\" data-e-type=\"widget\" data-widget_type=\"text-editor.default\">\n\t\t\t\t<div class=\"elementor-widget-container\">\n\t\t\t\t\t\t\t\t\t<p class=\"MsoNormal\"><strong>Step 4.<\/strong> We set a schedule that suits you.<\/p>\t\t\t\t\t\t\t\t<\/div>\n\t\t\t\t<\/div>\n\t\t\t\t<\/div>\n\t\t<div class=\"elementor-element elementor-element-d300a3b e-con-full e-flex e-con e-child\" data-id=\"d300a3b\" data-element_type=\"container\" data-e-type=\"container\">\n\t\t\t\t<\/div>\n\t\t\t\t\t<\/div>\n\t\t\t\t<\/div>\n\t\t<div class=\"elementor-element elementor-element-a66cdb3 e-flex e-con-boxed e-con e-parent\" data-id=\"a66cdb3\" data-element_type=\"container\" data-e-type=\"container\">\n\t\t\t\t\t<div class=\"e-con-inner\">\n\t\t<div class=\"elementor-element elementor-element-8b1f17d e-con-full e-flex e-con e-child\" data-id=\"8b1f17d\" data-element_type=\"container\" data-e-type=\"container\">\n\t\t\t\t<\/div>\n\t\t<div class=\"elementor-element elementor-element-2accc00 e-con-full e-flex e-con e-child\" data-id=\"2accc00\" data-element_type=\"container\" data-e-type=\"container\">\n\t\t\t\t<div class=\"elementor-element elementor-element-cda312c elementor-widget elementor-widget-image\" data-id=\"cda312c\" data-element_type=\"widget\" data-e-type=\"widget\" data-widget_type=\"image.default\">\n\t\t\t\t<div class=\"elementor-widget-container\">\n\t\t\t\t\t\t\t\t\t\t\t\t\t\t\t<img loading=\"lazy\" decoding=\"async\" width=\"64\" height=\"64\" src=\"https:\/\/allezhoponrange.ca\/wp-content\/uploads\/2023\/11\/handshake.png\" class=\"attachment-full size-full wp-image-148\" alt=\"\" srcset=\"https:\/\/allezhoponrange.ca\/wp-content\/uploads\/2023\/11\/handshake.png 64w, https:\/\/allezhoponrange.ca\/wp-content\/uploads\/2023\/11\/handshake-36x36.png 36w\" sizes=\"(max-width: 64px) 100vw, 64px\" \/>\t\t\t\t\t\t\t\t\t\t\t\t\t\t\t<\/div>\n\t\t\t\t<\/div>\n\t\t\t\t<div class=\"elementor-element elementor-element-84c73db elementor-widget elementor-widget-text-editor\" data-id=\"84c73db\" data-element_type=\"widget\" data-e-type=\"widget\" data-widget_type=\"text-editor.default\">\n\t\t\t\t<div class=\"elementor-widget-container\">\n\t\t\t\t\t\t\t\t\t<p>Everything has been arranged.<\/p>\t\t\t\t\t\t\t\t<\/div>\n\t\t\t\t<\/div>\n\t\t\t\t<\/div>\n\t\t<div class=\"elementor-element elementor-element-653b668 e-con-full e-flex e-con e-child\" data-id=\"653b668\" data-element_type=\"container\" data-e-type=\"container\">\n\t\t\t\t<\/div>\n\t\t\t\t\t<\/div>\n\t\t\t\t<\/div>\n\t\t<div class=\"elementor-element elementor-element-0dd67d5 e-flex e-con-boxed e-con e-parent\" data-id=\"0dd67d5\" data-element_type=\"container\" data-e-type=\"container\">\n\t\t\t\t\t<div class=\"e-con-inner\">\n\t\t\t\t<div class=\"elementor-element elementor-element-e6fdd30 elementor-widget elementor-widget-spacer\" data-id=\"e6fdd30\" data-element_type=\"widget\" data-e-type=\"widget\" data-widget_type=\"spacer.default\">\n\t\t\t\t<div class=\"elementor-widget-container\">\n\t\t\t\t\t\t\t<div class=\"elementor-spacer\">\n\t\t\t<div class=\"elementor-spacer-inner\"><\/div>\n\t\t<\/div>\n\t\t\t\t\t\t<\/div>\n\t\t\t\t<\/div>\n\t\t\t\t\t<\/div>\n\t\t\t\t<\/div>\n\t\t\t\t<\/div>","protected":false},"excerpt":{"rendered":"<p>Informations pour passer commande \u00c9tape 1. Appelez-nous ou envoyez-nous un courriel. Faites-nous savoir bri\u00e8vement quels espaces vous souhaitez organiser. \u00c9tape 2. Vous pouvez nous envoyer des photos ou, si cela n&rsquo;est pas possible, nous pouvons venir vous rendre visite. \u00c9tape 3. Nous faisons une \u00e9valuation et voyons s&rsquo;il y a quelque chose de n\u00e9cessaire pour [&hellip;]<\/p>","protected":false},"author":1,"featured_media":0,"parent":0,"menu_order":0,"comment_status":"closed","ping_status":"closed","template":"","meta":{"footnotes":""},"class_list":["post-132","page","type-page","status-publish","hentry"],"_links":{"self":[{"href":"https:\/\/allezhoponrange.ca\/en\/wp-json\/wp\/v2\/pages\/132","targetHints":{"allow":["GET"]}}],"collection":[{"href":"https:\/\/allezhoponrange.ca\/en\/wp-json\/wp\/v2\/pages"}],"about":[{"href":"https:\/\/allezhoponrange.ca\/en\/wp-json\/wp\/v2\/types\/page"}],"author":[{"embeddable":true,"href":"https:\/\/allezhoponrange.ca\/en\/wp-json\/wp\/v2\/users\/1"}],"replies":[{"embeddable":true,"href":"https:\/\/allezhoponrange.ca\/en\/wp-json\/wp\/v2\/comments?post=132"}],"version-history":[{"count":24,"href":"https:\/\/allezhoponrange.ca\/en\/wp-json\/wp\/v2\/pages\/132\/revisions"}],"predecessor-version":[{"id":292,"href":"https:\/\/allezhoponrange.ca\/en\/wp-json\/wp\/v2\/pages\/132\/revisions\/292"}],"wp:attachment":[{"href":"https:\/\/allezhoponrange.ca\/en\/wp-json\/wp\/v2\/media?parent=132"}],"curies":[{"name":"wp","href":"https:\/\/api.w.org\/{rel}","templated":true}]}}