{"id":125,"date":"2023-11-07T14:06:05","date_gmt":"2023-11-07T18:06:05","guid":{"rendered":"https:\/\/allezhoponrange.ca\/?page_id=125"},"modified":"2024-05-22T06:27:01","modified_gmt":"2024-05-22T10:27:01","slug":"about-us-allezhop","status":"publish","type":"page","link":"https:\/\/allezhoponrange.ca\/en\/about-us-allezhop\/","title":{"rendered":"About US Allezhop"},"content":{"rendered":"<div data-elementor-type=\"wp-page\" data-elementor-id=\"125\" class=\"elementor elementor-125\" data-elementor-post-type=\"page\">\n\t\t\t\t<div class=\"elementor-element elementor-element-d124a7d e-flex e-con-boxed e-con e-parent\" data-id=\"d124a7d\" data-element_type=\"container\" data-e-type=\"container\">\n\t\t\t\t\t<div class=\"e-con-inner\">\n\t\t<div class=\"elementor-element elementor-element-19f4793 e-con-full e-flex e-con e-child\" data-id=\"19f4793\" data-element_type=\"container\" data-e-type=\"container\">\n\t\t\t\t<div class=\"elementor-element elementor-element-74a3369 elementor-widget-divider--view-line_text elementor-widget-divider--element-align-center elementor-widget elementor-widget-divider\" data-id=\"74a3369\" data-element_type=\"widget\" data-e-type=\"widget\" data-widget_type=\"divider.default\">\n\t\t\t\t<div class=\"elementor-widget-container\">\n\t\t\t\t\t\t\t<div class=\"elementor-divider\">\n\t\t\t<span class=\"elementor-divider-separator\">\n\t\t\t\t\t\t\t<span class=\"elementor-divider__text elementor-divider__element\">\n\t\t\t\tAbout Allezhop\t\t\t\t<\/span>\n\t\t\t\t\t\t<\/span>\n\t\t<\/div>\n\t\t\t\t\t\t<\/div>\n\t\t\t\t<\/div>\n\t\t\t\t<div class=\"elementor-element elementor-element-7c3a09e elementor-widget elementor-widget-text-editor\" data-id=\"7c3a09e\" data-element_type=\"widget\" data-e-type=\"widget\" data-widget_type=\"text-editor.default\">\n\t\t\t\t<div class=\"elementor-widget-container\">\n\t\t\t\t\t\t\t\t\t<p>We are cousins with diverse backgrounds; Sahel in architecture and Missa with over 15 years of experience in the business world. Our shared passion for clean and organized spaces has led us to a deep belief in the direct connection between an orderly environment and inner peace. At the heart of our mission is the desire to help you reimagine your living spaces. By infusing functionality into your environment, we aim to alleviate the stresses of daily life, allowing you to redirect your time and energy toward more meaningful pursuits. Whether it's spending quality time with loved ones, engaging in favorite activities, or simply embracing the moments that matter most, our commitment is to transform your space into a harmonious haven that enhances your overall well-being. Join us on this journey to unlock the full potential of your environment, transforming it into spaces that not only reflect your unique style but also contribute to a more balanced and fulfilling life.<\/p>\t\t\t\t\t\t\t\t<\/div>\n\t\t\t\t<\/div>\n\t\t\t\t<\/div>\n\t\t\t\t\t<\/div>\n\t\t\t\t<\/div>\n\t\t<div class=\"elementor-element elementor-element-48c6e11 e-flex e-con-boxed e-con e-parent\" data-id=\"48c6e11\" data-element_type=\"container\" data-e-type=\"container\">\n\t\t\t\t\t<div class=\"e-con-inner\">\n\t\t<div class=\"elementor-element elementor-element-74090e8 e-con-full e-flex e-con e-child\" data-id=\"74090e8\" data-element_type=\"container\" data-e-type=\"container\">\n\t\t\t\t<\/div>\n\t\t<div class=\"elementor-element elementor-element-924c895 e-con-full e-flex e-con e-child\" data-id=\"924c895\" data-element_type=\"container\" data-e-type=\"container\">\n\t\t\t\t<div class=\"elementor-element elementor-element-c63e37f elementor-widget elementor-widget-image\" data-id=\"c63e37f\" data-element_type=\"widget\" data-e-type=\"widget\" data-widget_type=\"image.default\">\n\t\t\t\t<div class=\"elementor-widget-container\">\n\t\t\t\t\t\t\t\t\t\t\t\t\t\t\t<img fetchpriority=\"high\" decoding=\"async\" width=\"300\" height=\"300\" src=\"https:\/\/allezhoponrange.ca\/wp-content\/uploads\/2024\/01\/sahel-1-300x300.png\" class=\"attachment-medium size-medium wp-image-590\" alt=\"\" srcset=\"https:\/\/allezhoponrange.ca\/wp-content\/uploads\/2024\/01\/sahel-1-300x300.png 300w, https:\/\/allezhoponrange.ca\/wp-content\/uploads\/2024\/01\/sahel-1-1030x1030.png 1030w, https:\/\/allezhoponrange.ca\/wp-content\/uploads\/2024\/01\/sahel-1-80x80.png 80w, https:\/\/allezhoponrange.ca\/wp-content\/uploads\/2024\/01\/sahel-1-768x768.png 768w, https:\/\/allezhoponrange.ca\/wp-content\/uploads\/2024\/01\/sahel-1-36x36.png 36w, https:\/\/allezhoponrange.ca\/wp-content\/uploads\/2024\/01\/sahel-1-180x180.png 180w, https:\/\/allezhoponrange.ca\/wp-content\/uploads\/2024\/01\/sahel-1-705x705.png 705w, https:\/\/allezhoponrange.ca\/wp-content\/uploads\/2024\/01\/sahel-1.png 1080w\" sizes=\"(max-width: 300px) 100vw, 300px\" \/>\t\t\t\t\t\t\t\t\t\t\t\t\t\t\t<\/div>\n\t\t\t\t<\/div>\n\t\t\t\t<\/div>\n\t\t<div class=\"elementor-element elementor-element-162b5de e-con-full e-flex e-con e-child\" data-id=\"162b5de\" data-element_type=\"container\" data-e-type=\"container\">\n\t\t\t\t<div class=\"elementor-element elementor-element-b34b73c elementor-widget elementor-widget-image\" data-id=\"b34b73c\" data-element_type=\"widget\" data-e-type=\"widget\" data-widget_type=\"image.default\">\n\t\t\t\t<div class=\"elementor-widget-container\">\n\t\t\t\t\t\t\t\t\t\t\t\t\t\t\t<img decoding=\"async\" width=\"300\" height=\"300\" src=\"https:\/\/allezhoponrange.ca\/wp-content\/uploads\/2024\/01\/misaa-1-300x300.png\" class=\"attachment-medium size-medium wp-image-589\" alt=\"\" srcset=\"https:\/\/allezhoponrange.ca\/wp-content\/uploads\/2024\/01\/misaa-1-300x300.png 300w, https:\/\/allezhoponrange.ca\/wp-content\/uploads\/2024\/01\/misaa-1-1030x1030.png 1030w, https:\/\/allezhoponrange.ca\/wp-content\/uploads\/2024\/01\/misaa-1-80x80.png 80w, https:\/\/allezhoponrange.ca\/wp-content\/uploads\/2024\/01\/misaa-1-768x768.png 768w, https:\/\/allezhoponrange.ca\/wp-content\/uploads\/2024\/01\/misaa-1-36x36.png 36w, https:\/\/allezhoponrange.ca\/wp-content\/uploads\/2024\/01\/misaa-1-180x180.png 180w, https:\/\/allezhoponrange.ca\/wp-content\/uploads\/2024\/01\/misaa-1-705x705.png 705w, https:\/\/allezhoponrange.ca\/wp-content\/uploads\/2024\/01\/misaa-1.png 1080w\" sizes=\"(max-width: 300px) 100vw, 300px\" \/>\t\t\t\t\t\t\t\t\t\t\t\t\t\t\t<\/div>\n\t\t\t\t<\/div>\n\t\t\t\t<\/div>\n\t\t<div class=\"elementor-element elementor-element-aeb10e5 e-con-full e-flex e-con e-child\" data-id=\"aeb10e5\" data-element_type=\"container\" data-e-type=\"container\">\n\t\t\t\t<\/div>\n\t\t\t\t\t<\/div>\n\t\t\t\t<\/div>\n\t\t\t\t<\/div>","protected":false},"excerpt":{"rendered":"<p>\u00c0 propos de nous Allezhop Nous sommes cousins avec des parcours diversifi\u00e9s ; Sahel dans l&rsquo;architecture et Missa avec plus de 15 ans d&rsquo;exp\u00e9rience dans le monde de l&rsquo;entreprise. Notre passion commune pour des espaces propres et organis\u00e9s nous a conduits \u00e0 une profonde croyance en la connexion directe entre un environnement ordonn\u00e9 et la [&hellip;]<\/p>","protected":false},"author":1,"featured_media":0,"parent":0,"menu_order":0,"comment_status":"closed","ping_status":"closed","template":"","meta":{"footnotes":""},"class_list":["post-125","page","type-page","status-publish","hentry"],"_links":{"self":[{"href":"https:\/\/allezhoponrange.ca\/en\/wp-json\/wp\/v2\/pages\/125","targetHints":{"allow":["GET"]}}],"collection":[{"href":"https:\/\/allezhoponrange.ca\/en\/wp-json\/wp\/v2\/pages"}],"about":[{"href":"https:\/\/allezhoponrange.ca\/en\/wp-json\/wp\/v2\/types\/page"}],"author":[{"embeddable":true,"href":"https:\/\/allezhoponrange.ca\/en\/wp-json\/wp\/v2\/users\/1"}],"replies":[{"embeddable":true,"href":"https:\/\/allezhoponrange.ca\/en\/wp-json\/wp\/v2\/comments?post=125"}],"version-history":[{"count":30,"href":"https:\/\/allezhoponrange.ca\/en\/wp-json\/wp\/v2\/pages\/125\/revisions"}],"predecessor-version":[{"id":836,"href":"https:\/\/allezhoponrange.ca\/en\/wp-json\/wp\/v2\/pages\/125\/revisions\/836"}],"wp:attachment":[{"href":"https:\/\/allezhoponrange.ca\/en\/wp-json\/wp\/v2\/media?parent=125"}],"curies":[{"name":"wp","href":"https:\/\/api.w.org\/{rel}","templated":true}]}}